{"id":31435,"date":"2023-01-03T08:58:16","date_gmt":"2023-01-03T07:58:16","guid":{"rendered":"https:\/\/www.msgestion.ch\/?post_type=product&#038;p=31435"},"modified":"2025-07-31T18:53:06","modified_gmt":"2025-07-31T16:53:06","slug":"verification-dune-decision-de-taxation-pour-une-declaration-remplie-par-nos-soins","status":"publish","type":"product","link":"https:\/\/www.msgestion.ch\/de\/produit\/verification-dune-decision-de-taxation-pour-une-declaration-remplie-par-nos-soins\/","title":{"rendered":"V\u00e9rification d&#8217;une d\u00e9cision de taxation pour une d\u00e9claration remplie par nos soins"},"content":{"rendered":"<p>[et_pb_section fb_built=&#8220;1&#8243; _builder_version=&#8220;4.19.4&#8243; _module_preset=&#8220;default&#8220; custom_margin=&#8220;0px||0px||true|false&#8220; custom_padding=&#8220;0px|0px|0px|0px|false|false&#8220; sticky_position=&#8220;top&#8220; global_colors_info=&#8220;{}&#8220;][et_pb_row _builder_version=&#8220;4.19.4&#8243; _module_preset=&#8220;default&#8220; custom_margin=&#8220;0px||0px||false|false&#8220; custom_padding=&#8220;0px|0px|0px|0px|false|false&#8220; global_colors_info=&#8220;{}&#8220;][et_pb_column type=&#8220;4_4&#8243; _builder_version=&#8220;4.19.4&#8243; _module_preset=&#8220;default&#8220; global_colors_info=&#8220;{}&#8220;][et_pb_wc_cart_notice _builder_version=&#8220;4.19.4&#8243; _module_preset=&#8220;default&#8220; title_text_color=&#8220;#000000&#8243; error_text_color=&#8220;#000000&#8243; content_text_color=&#8220;#000000&#8243; background_color=&#8220;#FFFFFF&#8220; custom_button=&#8220;on&#8220; button_text_color=&#8220;#ffffff&#8220; button_bg_color=&#8220;#3daa38&#8243; button_border_width=&#8220;0px&#8220; button_border_radius=&#8220;8px&#8220; button_icon=&#8220;&#xe015;||divi||400&#8243; button_icon_color=&#8220;#FFFFFF&#8220; module_alignment=&#8220;center&#8220; custom_margin=&#8220;1em|0em|1em|0em|false|false&#8220; custom_padding=&#8220;0px|10px|0px|10px|false|false&#8220; global_colors_info=&#8220;{}&#8220;][\/et_pb_wc_cart_notice][\/et_pb_column][\/et_pb_row][\/et_pb_section][et_pb_section fb_built=&#8220;1&#8243; fullwidth=&#8220;on&#8220; _builder_version=&#8220;4.19.4&#8243; _module_preset=&#8220;default&#8220; height=&#8220;500px&#8220; global_colors_info=&#8220;{}&#8220;][et_pb_fullwidth_post_title meta=&#8220;off&#8220; featured_image=&#8220;off&#8220; text_color=&#8220;light&#8220; _builder_version=&#8220;4.19.4&#8243; _dynamic_attributes=&#8220;background_image&#8220; _module_preset=&#8220;default&#8220; title_font=&#8220;|600|||||||&#8220; title_text_color=&#8220;#FFFFFF&#8220; title_font_size=&#8220;50px&#8220; title_line_height=&#8220;1.6em&#8220; use_background_color_gradient=&#8220;on&#8220; background_color_gradient_direction=&#8220;360deg&#8220; background_color_gradient_stops=&#8220;rgba(255,255,255,0) 1%|rgba(0,0,0,0.69) 100%&#8220; background_color_gradient_overlays_image=&#8220;on&#8220; background_image=&#8220;@ET-DC@eyJkeW5hbWljIjp0cnVlLCJjb250ZW50IjoicG9zdF9mZWF0dXJlZF9pbWFnZSIsInNldHRpbmdzIjp7fX0=@&#8220; text_orientation=&#8220;center&#8220; height=&#8220;802px&#8220; title_font_size_tablet=&#8220;50px&#8220; title_font_size_phone=&#8220;30px&#8220; title_font_size_last_edited=&#8220;on|phone&#8220; global_colors_info=&#8220;{}&#8220;][\/et_pb_fullwidth_post_title][\/et_pb_section][et_pb_section fb_built=&#8220;1&#8243; _builder_version=&#8220;4.19.4&#8243; _module_preset=&#8220;default&#8220; global_colors_info=&#8220;{}&#8220;][et_pb_row column_structure=&#8220;1_2,1_2&#8243; _builder_version=&#8220;4.19.4&#8243; _module_preset=&#8220;default&#8220; background_color=&#8220;#FFFFFF&#8220; transform_translate=&#8220;0px|-150px&#8220; transform_translate_linked=&#8220;off&#8220; z_index=&#8220;197&#8243; custom_margin=&#8220;0px||||false|false&#8220; custom_padding=&#8220;70px|20px|100px|20px|false|false&#8220; border_radii=&#8220;on|8px|8px|8px|8px&#8220; border_width_all=&#8220;1px&#8220; border_color_all=&#8220;#FFFFFF&#8220; box_shadow_style=&#8220;preset1&#8243; global_colors_info=&#8220;{}&#8220;][et_pb_column type=&#8220;1_2&#8243; _builder_version=&#8220;4.19.4&#8243; _module_preset=&#8220;default&#8220; global_colors_info=&#8220;{}&#8220;][et_pb_wc_images show_product_gallery=&#8220;off&#8220; _builder_version=&#8220;4.19.4&#8243; _module_preset=&#8220;default&#8220; border_radii=&#8220;on|8px|8px|8px|8px&#8220; border_width_all=&#8220;1px&#8220; border_color_all=&#8220;#3daa38&#8243; global_colors_info=&#8220;{}&#8220;][\/et_pb_wc_images][\/et_pb_column][et_pb_column type=&#8220;1_2&#8243; _builder_version=&#8220;4.19.4&#8243; _module_preset=&#8220;default&#8220; global_colors_info=&#8220;{}&#8220;][et_pb_wc_title _builder_version=&#8220;4.19.4&#8243; _module_preset=&#8220;default&#8220; header_level=&#8220;h2&#8243; header_font=&#8220;|600|||||||&#8220; custom_margin=&#8220;60px||||false|false&#8220; global_colors_info=&#8220;{}&#8220;][\/et_pb_wc_title][et_pb_wc_description _builder_version=&#8220;4.19.4&#8243; _module_preset=&#8220;default&#8220; global_colors_info=&#8220;{}&#8220;][\/et_pb_wc_description][et_pb_text _builder_version=&#8220;4.19.4&#8243; _module_preset=&#8220;default&#8220; custom_margin=&#8220;||-2px||false|false&#8220; custom_padding=&#8220;||0px||false|false&#8220; global_colors_info=&#8220;{}&#8220;]<\/p>\n<h3><strong>Prix variable :\u00a0<\/strong><\/h3>\n<p>[\/et_pb_text][et_pb_wc_price _builder_version=&#8220;4.19.4&#8243; _module_preset=&#8220;default&#8220; body_font=&#8220;|600|||||||&#8220; body_text_color=&#8220;#1A8923&#8243; body_font_size=&#8220;28px&#8220; min_height=&#8220;27px&#8220; body_font_size_tablet=&#8220;28px&#8220; body_font_size_phone=&#8220;24px&#8220; body_font_size_last_edited=&#8220;on|phone&#8220; global_colors_info=&#8220;{}&#8220;][\/et_pb_wc_price][\/et_pb_column][\/et_pb_row][et_pb_row _builder_version=&#8220;4.19.4&#8243; _module_preset=&#8220;default&#8220; transform_translate=&#8220;0px|-120px&#8220; transform_translate_linked=&#8220;off&#8220; z_index=&#8220;72&#8243; custom_margin=&#8220;||||false|false&#8220; custom_padding=&#8220;0px|20px|40px|20px|false|false&#8220; border_radii=&#8220;on|8px|8px|8px|8px&#8220; box_shadow_style=&#8220;preset1&#8243; global_colors_info=&#8220;{}&#8220;][et_pb_column type=&#8220;4_4&#8243; _builder_version=&#8220;4.19.4&#8243; _module_preset=&#8220;default&#8220; global_colors_info=&#8220;{}&#8220;][et_pb_text admin_label=&#8220;Texte&#8220; _builder_version=&#8220;4.19.4&#8243; _module_preset=&#8220;default&#8220; global_colors_info=&#8220;{}&#8220;]&nbsp;<\/p>\n<h2 style=\"text-align: left\"><span style=\"color: #3daa38\"><strong>Veuillez remplir le formulaire :\u00a0<\/strong><\/span><\/h2>\n<p>&nbsp;<br \/>\n[\/et_pb_text][et_pb_wc_add_to_cart show_quantity=&#8220;off&#8220; show_stock=&#8220;off&#8220; _builder_version=&#8220;4.19.4&#8243; _module_preset=&#8220;default&#8220; fields_background_color=&#8220;#FFFFFF&#8220; fields_text_color=&#8220;#000000&#8243; fields_focus_background_color=&#8220;#FFFFFF&#8220; fields_focus_text_color=&#8220;#000000&#8243; dropdown_menus_text_color=&#8220;#000000&#8243; dropdown_menus_focus_background_color=&#8220;#FFFFFF&#8220; dropdown_menus_focus_text_color=&#8220;#000000&#8243; field_label_text_align=&#8220;left&#8220; fields_text_align=&#8220;left&#8220; custom_button=&#8220;on&#8220; button_text_color=&#8220;#FFFFFF&#8220; button_bg_color=&#8220;#3daa38&#8243; button_border_width=&#8220;0px&#8220; button_border_radius=&#8220;8px&#8220; custom_margin=&#8220;40px||40px||false|false&#8220; custom_padding=&#8220;20px||20px||false|false&#8220; global_colors_info=&#8220;{}&#8220;][\/et_pb_wc_add_to_cart][\/et_pb_column][\/et_pb_row][et_pb_row _builder_version=&#8220;4.19.4&#8243; _module_preset=&#8220;default&#8220; global_colors_info=&#8220;{}&#8220;][et_pb_column type=&#8220;4_4&#8243; _builder_version=&#8220;4.19.4&#8243; _module_preset=&#8220;default&#8220; global_colors_info=&#8220;{}&#8220;][et_pb_tabs active_tab_background_color=&#8220;#FFFFFF&#8220; inactive_tab_background_color=&#8220;#FFFFFF&#8220; active_tab_text_color=&#8220;#3daa38&#8243; _builder_version=&#8220;4.19.4&#8243; _module_preset=&#8220;default&#8220; body_text_align=&#8220;left&#8220; body_text_color=&#8220;#000000&#8243; tab_font=&#8220;|600|||||||&#8220; background_color=&#8220;#FFFFFF&#8220; transform_translate=&#8220;0px|-100px&#8220; transform_translate_linked=&#8220;off&#8220; border_radii=&#8220;on|8px|8px|8px|8px&#8220; border_color_all=&#8220;#3daa38&#8243; global_colors_info=&#8220;{}&#8220;][et_pb_tab title=&#8220;Informations&#8220; _builder_version=&#8220;4.19.4&#8243; _module_preset=&#8220;default&#8220; global_colors_info=&#8220;{}&#8220;]<\/p>\n<ul>\n<li>V\u00e9rification de votre d\u00e9cision de taxation<\/li>\n<li>Attention au d\u00e9lai l\u00e9gal pour une \u00e9ventuelle r\u00e9clamation (30 jours d\u00e9s notification de la d\u00e9cision)<\/li>\n<li>La r\u00e9daction d&#8217;une \u00e9ventuelle r\u00e9clamation n&#8217;est pas comprise dans cette offre<\/li>\n<li>D\u00e9lai pour l&#8217;analyse de la d\u00e9cision : 10 jours ouvr\u00e9s d\u00e8s r\u00e9ception du paiement et des documents (option prioritaire : 5 jours ouvr\u00e9s)<\/li>\n<\/ul>\n<p>[\/et_pb_tab][et_pb_tab title=&#8220;D\u00e9roulement&#8220; _builder_version=&#8220;4.19.4&#8243; _module_preset=&#8220;default&#8220; global_colors_info=&#8220;{}&#8220;]<\/p>\n<ol>\n<li>Choisissez la prestation souhait\u00e9e<\/li>\n<li>Compl\u00e9tez les informations<\/li>\n<li>Effectuez le paiement<\/li>\n<li>Recevez un e-mail avec un lien de t\u00e9l\u00e9chargement s\u00e9curis\u00e9<\/li>\n<li>Remettez vos documents en ligne<\/li>\n<li>Recevez notre analyse<\/li>\n<\/ol>\n<p>[\/et_pb_tab][\/et_pb_tabs][\/et_pb_column][\/et_pb_row][\/et_pb_section][et_pb_section fb_built=&#8220;1&#8243; _builder_version=&#8220;4.19.4&#8243; _module_preset=&#8220;default&#8220; global_colors_info=&#8220;{}&#8220;][et_pb_row _builder_version=&#8220;4.19.4&#8243; _module_preset=&#8220;default&#8220; global_colors_info=&#8220;{}&#8220;][et_pb_column type=&#8220;4_4&#8243; _builder_version=&#8220;4.19.4&#8243; _module_preset=&#8220;default&#8220; global_colors_info=&#8220;{}&#8220;][et_pb_wc_upsells _builder_version=&#8220;4.19.4&#8243; _module_preset=&#8220;default&#8220; global_colors_info=&#8220;{}&#8220;][\/et_pb_wc_upsells][\/et_pb_column][\/et_pb_row][\/et_pb_section]<\/p>\n","protected":false},"excerpt":{"rendered":"<p>Vous avez re\u00e7u votre d\u00e9cision de taxation et vous souhaitez nous la remettre pour v\u00e9rification ?<\/p>\n<p>Vous nous remettez votre d\u00e9cision de taxation en ligne, nous l\u2019analysons et nous vous informons sur la marche \u00e0 suivre pour une \u00e9ventuelle r\u00e9clamation.<\/p>\n<p>ATTENTION : si notre bureau est ferm\u00e9, vous trouverez l&#8217;information sur la page d&#8217;accueil et le d\u00e9lai ne pourra peut-\u00eatre pas \u00eatre respect\u00e9. Le d\u00e9lai pour faire opposition est de 30 jours d\u00e8s la date de notification de la d\u00e9cision.<\/p>\n","protected":false},"featured_media":31473,"template":"","meta":{"_et_pb_use_builder":"on","_et_pb_old_content":"<ul>\r\n \t<li>V\u00e9rification de votre d\u00e9cision de taxation<\/li>\r\n \t<li>Attention au d\u00e9lai l\u00e9gal pour une \u00e9ventuelle r\u00e9clamation (30 jours d\u00e9s notification de la d\u00e9cision)<\/li>\r\n \t<li>La r\u00e9daction d'une \u00e9ventuelle r\u00e9clamation n'est pas comprise dans cette offre<\/li>\r\n \t<li>D\u00e9lai pour l'analyse de la d\u00e9cision : 10 jours ouvr\u00e9s d\u00e8s r\u00e9ception des documents (option prioritaire : 5 jours ouvr\u00e9s)<\/li>\r\n<\/ul>\r\n&nbsp;\r\n<ol>\r\n \t<li>Choisissez la prestation souhait\u00e9e<\/li>\r\n \t<li>Compl\u00e9tez les informations<\/li>\r\n \t<li>Effectuez le paiement<\/li>\r\n \t<li>Recevez un e-mail avec un lien de t\u00e9l\u00e9chargement s\u00e9curis\u00e9<\/li>\r\n \t<li>Remettez vos documents en ligne<\/li>\r\n \t<li>Recevez notre analyse dans le d\u00e9lai de 10 jours ouvr\u00e9s (5 jours pour l'option prioritaire)<\/li>\r\n<\/ol>","_et_gb_content_width":""},"product_brand":[],"product_cat":[48],"product_tag":[],"class_list":{"0":"post-31435","1":"product","2":"type-product","3":"status-publish","4":"has-post-thumbnail","6":"product_cat-verifications","8":"first","9":"instock","10":"sold-individually","11":"taxable","12":"shipping-taxable","13":"purchasable","14":"product-type-variable"},"aioseo_notices":[],"jetpack_sharing_enabled":true,"_links":{"self":[{"href":"https:\/\/www.msgestion.ch\/de\/wp-json\/wp\/v2\/product\/31435","targetHints":{"allow":["GET"]}}],"collection":[{"href":"https:\/\/www.msgestion.ch\/de\/wp-json\/wp\/v2\/product"}],"about":[{"href":"https:\/\/www.msgestion.ch\/de\/wp-json\/wp\/v2\/types\/product"}],"wp:featuredmedia":[{"embeddable":true,"href":"https:\/\/www.msgestion.ch\/de\/wp-json\/wp\/v2\/media\/31473"}],"wp:attachment":[{"href":"https:\/\/www.msgestion.ch\/de\/wp-json\/wp\/v2\/media?parent=31435"}],"wp:term":[{"taxonomy":"product_brand","embeddable":true,"href":"https:\/\/www.msgestion.ch\/de\/wp-json\/wp\/v2\/product_brand?post=31435"},{"taxonomy":"product_cat","embeddable":true,"href":"https:\/\/www.msgestion.ch\/de\/wp-json\/wp\/v2\/product_cat?post=31435"},{"taxonomy":"product_tag","embeddable":true,"href":"https:\/\/www.msgestion.ch\/de\/wp-json\/wp\/v2\/product_tag?post=31435"}],"curies":[{"name":"wp","href":"https:\/\/api.w.org\/{rel}","templated":true}]}}